{"id":95,"date":"2018-06-16T17:56:21","date_gmt":"2018-06-16T15:56:21","guid":{"rendered":"http:\/\/komitascenter.be\/?page_id=95"},"modified":"2022-08-20T20:15:29","modified_gmt":"2022-08-20T18:15:29","slug":"nos-projets","status":"publish","type":"page","link":"https:\/\/komitascenter.be\/?page_id=95","title":{"rendered":"Nos projets"},"content":{"rendered":"<p><strong>NOS PROGR\u00c8S\u00a0<\/strong><\/p>\n<p><strong>Mise \u00e0 part l\u2019\u00e9cole de musique qui comprend les cours d\u2019instruments et de solf\u00e8ge, nous proposons \u00e9galement les activit\u00e9s suivantes :<\/strong><\/p>\n<p><img loading=\"lazy\" decoding=\"async\" class=\"alignnone size-full wp-image-195\" src=\"http:\/\/komitascenter.be\/wp-content\/uploads\/2018\/06\/20160707_123046-e1529614541523.jpg\" alt=\"\" width=\"400\" height=\"225\" \/><\/p>\n<ul>\n<li title=\"\" data-original-title=\"\"><strong>Petits groupes pour vos \u00e9v\u00e9nements<\/strong><\/li>\n<\/ul>\n<ul>\n<li title=\"\" data-original-title=\"\"><strong>Chorale d\u2019enfants \u00ab\u00a0Piccolo\u00a0\u00bb<\/strong><\/li>\n<\/ul>\n<ul>\n<li title=\"\" data-original-title=\"\"><strong>Chorale \u00ab\u00a0Louys\u00a0\u00bb<\/strong><\/li>\n<\/ul>\n<ul>\n<li title=\"\" data-original-title=\"\"><strong>Stages \u00a0pour les enfants de 7 \u00e0 12 ans \u00ab\u00a0Je cr\u00e9e mon mo<\/strong><strong>nde imaginaire\u00a0\u00bb<\/strong><\/li>\n<\/ul>\n<h4><\/h4>\n<h2><em><strong>\u00a0 \u00a0 \u00a0 \u00a0 \u00a0 \u00a0 \u00a0 \u00a0 \u00a0 \u00a0 \u00a0 \u00a0 \u00a0 \u00a0 \u00a0 \u00a0 \u00a0\u00a0<\/strong><\/em><\/h2>\n","protected":false},"excerpt":{"rendered":"<p>NOS PROGR\u00c8S\u00a0 Mise \u00e0 part l\u2019\u00e9cole de musique qui comprend les cours d\u2019instruments et de solf\u00e8ge, nous proposons \u00e9galement les activit\u00e9s suivantes : Petits groupes pour vos \u00e9v\u00e9nements Chorale d\u2019enfants \u00ab\u00a0Piccolo\u00a0\u00bb Chorale \u00ab\u00a0Louys\u00a0\u00bb Stages \u00a0pour les enfants de 7 \u00e0 12 ans \u00ab\u00a0Je cr\u00e9e mon monde imaginaire\u00a0\u00bb \u00a0 \u00a0 \u00a0 \u00a0 \u00a0 \u00a0 \u00a0 \u00a0 &hellip; <\/p>\n<p class=\"link-more\"><a href=\"https:\/\/komitascenter.be\/?page_id=95\" class=\"more-link\">Continuer la lecture<span class=\"screen-reader-text\"> de &laquo;&nbsp;Nos projets&nbsp;&raquo;<\/span><\/a><\/p>\n","protected":false},"author":2,"featured_media":0,"parent":0,"menu_order":0,"comment_status":"closed","ping_status":"closed","template":"","meta":{"footnotes":""},"class_list":["post-95","page","type-page","status-publish","hentry"],"_links":{"self":[{"href":"https:\/\/komitascenter.be\/index.php?rest_route=\/wp\/v2\/pages\/95","targetHints":{"allow":["GET"]}}],"collection":[{"href":"https:\/\/komitascenter.be\/index.php?rest_route=\/wp\/v2\/pages"}],"about":[{"href":"https:\/\/komitascenter.be\/index.php?rest_route=\/wp\/v2\/types\/page"}],"author":[{"embeddable":true,"href":"https:\/\/komitascenter.be\/index.php?rest_route=\/wp\/v2\/users\/2"}],"replies":[{"embeddable":true,"href":"https:\/\/komitascenter.be\/index.php?rest_route=%2Fwp%2Fv2%2Fcomments&post=95"}],"version-history":[{"count":4,"href":"https:\/\/komitascenter.be\/index.php?rest_route=\/wp\/v2\/pages\/95\/revisions"}],"predecessor-version":[{"id":1456,"href":"https:\/\/komitascenter.be\/index.php?rest_route=\/wp\/v2\/pages\/95\/revisions\/1456"}],"wp:attachment":[{"href":"https:\/\/komitascenter.be\/index.php?rest_route=%2Fwp%2Fv2%2Fmedia&parent=95"}],"curies":[{"name":"wp","href":"https:\/\/api.w.org\/{rel}","templated":true}]}}