{"id":93,"date":"2018-06-16T17:53:51","date_gmt":"2018-06-16T15:53:51","guid":{"rendered":"http:\/\/komitascenter.be\/?page_id=93"},"modified":"2024-10-30T16:33:53","modified_gmt":"2024-10-30T15:33:53","slug":"notre-equipe","status":"publish","type":"page","link":"https:\/\/komitascenter.be\/?page_id=93","title":{"rendered":"Notre \u00e9quipe"},"content":{"rendered":"<h4><\/h4>\n<p><img loading=\"lazy\" decoding=\"async\" class=\"wp-image-176 aligncenter\" src=\"http:\/\/komitascenter.be\/wp-content\/uploads\/2018\/06\/20180621_150308.jpg\" alt=\"\" width=\"332\" height=\"332\" srcset=\"https:\/\/komitascenter.be\/wp-content\/uploads\/2018\/06\/20180621_150308.jpg 2896w, https:\/\/komitascenter.be\/wp-content\/uploads\/2018\/06\/20180621_150308-150x150.jpg 150w, https:\/\/komitascenter.be\/wp-content\/uploads\/2018\/06\/20180621_150308-300x300.jpg 300w, https:\/\/komitascenter.be\/wp-content\/uploads\/2018\/06\/20180621_150308-768x768.jpg 768w, https:\/\/komitascenter.be\/wp-content\/uploads\/2018\/06\/20180621_150308-1024x1024.jpg 1024w\" sizes=\"auto, (max-width: 332px) 100vw, 332px\" \/><\/p>\n<p>Chez Komitas, nous misons beaucoup sur la qualit\u00e9 de nos enseignants. Tous nos professeurs sont des professionnels de la musique et des \u00e9ducateurs exp\u00e9riment\u00e9s. La plupart sont \u00e9galement multilingue et peuvent donner cours en<\/p>\n<p><strong>fran\u00e7ais, n\u00e9erlandais, anglais, russe, arm\u00e9nien, \u2026<\/strong><\/p>\n<div id=\"WRchTxt2-z2z\" class=\"txtNew\" data-packed=\"true\">\n<p>\u200b<\/p>\n<table style=\"height: 133px;\" border=\"0\" width=\"483\" cellspacing=\"0\" cellpadding=\"0\">\n<tbody>\n<tr>\n<td align=\"center\"><img loading=\"lazy\" decoding=\"async\" class=\"alignnone size-medium wp-image-1478\" src=\"http:\/\/komitascenter.be\/wp-content\/uploads\/2022\/08\/signal-2022-03-12-20-05-52-103-1-removebg-preview-removebg-preview-1-300x253.jpg\" alt=\"\" width=\"300\" height=\"253\" srcset=\"https:\/\/komitascenter.be\/wp-content\/uploads\/2022\/08\/signal-2022-03-12-20-05-52-103-1-removebg-preview-removebg-preview-1-300x253.jpg 300w, https:\/\/komitascenter.be\/wp-content\/uploads\/2022\/08\/signal-2022-03-12-20-05-52-103-1-removebg-preview-removebg-preview-1.jpg 544w\" sizes=\"auto, (max-width: 300px) 100vw, 300px\" \/><\/td>\n<\/tr>\n<\/tbody>\n<\/table>\n<table style=\"height: 47px;\" border=\"0\" width=\"636\" cellspacing=\"0\" cellpadding=\"0\">\n<tbody>\n<tr>\n<td>\n<p style=\"text-align: center;\"><strong>\u00a0Capucine Swysen, directrice <\/strong><\/p>\n<p style=\"text-align: center;\"><strong><b>professeur<\/b> de piano, solf\u00e8ge et histoire de la musique<\/strong><\/p>\n<\/td>\n<\/tr>\n<\/tbody>\n<\/table>\n<\/div>\n<div id=\"WRchTxt2-z2z\" class=\"txtNew\" data-packed=\"true\">\n<table border=\"0\" cellspacing=\"0\" cellpadding=\"0\">\n<tbody>\n<tr>\n<td align=\"center\">\u00a0<img loading=\"lazy\" decoding=\"async\" class=\"alignnone wp-image-231\" src=\"http:\/\/komitascenter.be\/wp-content\/uploads\/2018\/06\/89359531arman-jpg.jpg\" alt=\"\" width=\"268\" height=\"202\" srcset=\"https:\/\/komitascenter.be\/wp-content\/uploads\/2018\/06\/89359531arman-jpg.jpg 496w, https:\/\/komitascenter.be\/wp-content\/uploads\/2018\/06\/89359531arman-jpg-300x226.jpg 300w\" sizes=\"auto, (max-width: 268px) 100vw, 268px\" \/><\/td>\n<\/tr>\n<\/tbody>\n<\/table>\n<table border=\"0\" cellspacing=\"0\" cellpadding=\"0\">\n<tbody>\n<tr>\n<td>\n<p style=\"text-align: center;\"><strong>Arman Simonian,<\/strong><strong> <b>professeur<\/b> de violon<\/strong><\/p>\n<\/td>\n<\/tr>\n<\/tbody>\n<\/table>\n<p>\u200b<\/p>\n<table border=\"0\" cellspacing=\"0\" cellpadding=\"0\">\n<tbody>\n<tr>\n<td align=\"center\"><img loading=\"lazy\" decoding=\"async\" class=\"alignnone size-medium wp-image-984\" src=\"http:\/\/komitascenter.be\/wp-content\/uploads\/2021\/07\/101294856_1922754411194171_1408226253445529600_n_LI-2-300x300.jpg\" alt=\"\" width=\"300\" height=\"300\" srcset=\"https:\/\/komitascenter.be\/wp-content\/uploads\/2021\/07\/101294856_1922754411194171_1408226253445529600_n_LI-2-300x300.jpg 300w, https:\/\/komitascenter.be\/wp-content\/uploads\/2021\/07\/101294856_1922754411194171_1408226253445529600_n_LI-2-150x150.jpg 150w, https:\/\/komitascenter.be\/wp-content\/uploads\/2021\/07\/101294856_1922754411194171_1408226253445529600_n_LI-2-768x766.jpg 768w, https:\/\/komitascenter.be\/wp-content\/uploads\/2021\/07\/101294856_1922754411194171_1408226253445529600_n_LI-2.jpg 962w\" sizes=\"auto, (max-width: 300px) 100vw, 300px\" \/><\/td>\n<\/tr>\n<\/tbody>\n<\/table>\n<table border=\"0\" cellspacing=\"0\" cellpadding=\"0\">\n<tbody>\n<tr>\n<td style=\"text-align: center;\"><strong>Merine Nikoghosyan, <b>professeur<\/b> de chant\u00a0<\/strong><b>arm\u00e9nien<\/b><\/td>\n<\/tr>\n<\/tbody>\n<\/table>\n<table border=\"0\" cellspacing=\"0\" cellpadding=\"0\">\n<tbody>\n<tr>\n<td align=\"center\"><strong><img loading=\"lazy\" decoding=\"async\" class=\"alignnone wp-image-230\" src=\"http:\/\/komitascenter.be\/wp-content\/uploads\/2018\/06\/20180624_003930.jpg\" alt=\"\" width=\"253\" height=\"168\" srcset=\"https:\/\/komitascenter.be\/wp-content\/uploads\/2018\/06\/20180624_003930.jpg 4350w, https:\/\/komitascenter.be\/wp-content\/uploads\/2018\/06\/20180624_003930-300x199.jpg 300w, https:\/\/komitascenter.be\/wp-content\/uploads\/2018\/06\/20180624_003930-768x511.jpg 768w, https:\/\/komitascenter.be\/wp-content\/uploads\/2018\/06\/20180624_003930-1024x681.jpg 1024w\" sizes=\"auto, (max-width: 253px) 100vw, 253px\" \/><\/strong><\/td>\n<\/tr>\n<\/tbody>\n<\/table>\n<table border=\"0\" cellspacing=\"0\" cellpadding=\"0\">\n<tbody>\n<tr>\n<td>\n<p style=\"text-align: center;\"><strong>Davit Unusyan, piano JAZZ et guitare<\/strong><\/p>\n<\/td>\n<\/tr>\n<\/tbody>\n<\/table>\n<\/div>\n<p><img loading=\"lazy\" decoding=\"async\" class=\"size-medium wp-image-1481 aligncenter\" src=\"http:\/\/komitascenter.be\/wp-content\/uploads\/2022\/08\/FB_IMG_1661383885775-300x300.jpg\" alt=\"\" width=\"300\" height=\"300\" srcset=\"https:\/\/komitascenter.be\/wp-content\/uploads\/2022\/08\/FB_IMG_1661383885775-300x300.jpg 300w, https:\/\/komitascenter.be\/wp-content\/uploads\/2022\/08\/FB_IMG_1661383885775-1024x1024.jpg 1024w, https:\/\/komitascenter.be\/wp-content\/uploads\/2022\/08\/FB_IMG_1661383885775-150x150.jpg 150w, https:\/\/komitascenter.be\/wp-content\/uploads\/2022\/08\/FB_IMG_1661383885775-768x768.jpg 768w, https:\/\/komitascenter.be\/wp-content\/uploads\/2022\/08\/FB_IMG_1661383885775-100x100.jpg 100w, https:\/\/komitascenter.be\/wp-content\/uploads\/2022\/08\/FB_IMG_1661383885775.jpg 1050w\" sizes=\"auto, (max-width: 300px) 100vw, 300px\" \/><\/p>\n<p style=\"text-align: center;\"><b>Aliz\u00e9e Gaudion , <strong>professeur\u00a0de<\/strong> chant populaire, <strong>responsable de STAGES<\/strong><\/b><\/p>\n<table style=\"font-size: 1rem;\" border=\"0\" cellspacing=\"0\" cellpadding=\"0\">\n<tbody>\n<tr>\n<td align=\"center\">\u00a0<img loading=\"lazy\" decoding=\"async\" class=\"alignnone wp-image-235\" src=\"http:\/\/komitascenter.be\/wp-content\/uploads\/2018\/06\/20180621_150118.jpg\" alt=\"\" width=\"248\" height=\"240\" srcset=\"https:\/\/komitascenter.be\/wp-content\/uploads\/2018\/06\/20180621_150118.jpg 1621w, https:\/\/komitascenter.be\/wp-content\/uploads\/2018\/06\/20180621_150118-300x291.jpg 300w, https:\/\/komitascenter.be\/wp-content\/uploads\/2018\/06\/20180621_150118-768x745.jpg 768w, https:\/\/komitascenter.be\/wp-content\/uploads\/2018\/06\/20180621_150118-1024x994.jpg 1024w\" sizes=\"auto, (max-width: 248px) 100vw, 248px\" \/><\/td>\n<\/tr>\n<\/tbody>\n<\/table>\n<div id=\"WRchTxt2-z2z\" class=\"txtNew\" data-packed=\"true\">\n<table border=\"0\" cellspacing=\"0\" cellpadding=\"0\">\n<tbody>\n<tr>\n<td style=\"text-align: center;\"><strong>Emma Abrahamyan , <b>professeur<\/b> de chant lyrique,\u00a0 piano<\/strong><\/td>\n<\/tr>\n<\/tbody>\n<\/table>\n<p>\u200b<\/p>\n<table border=\"0\" cellspacing=\"0\" cellpadding=\"0\">\n<tbody>\n<tr>\n<td align=\"center\"><img loading=\"lazy\" decoding=\"async\" class=\"alignnone  wp-image-823\" src=\"http:\/\/komitascenter.be\/wp-content\/uploads\/2021\/05\/22395_10206822780878776_480646404818947076_n-300x300.jpg\" alt=\"\" width=\"262\" height=\"262\" srcset=\"https:\/\/komitascenter.be\/wp-content\/uploads\/2021\/05\/22395_10206822780878776_480646404818947076_n-300x300.jpg 300w, https:\/\/komitascenter.be\/wp-content\/uploads\/2021\/05\/22395_10206822780878776_480646404818947076_n-150x150.jpg 150w, https:\/\/komitascenter.be\/wp-content\/uploads\/2021\/05\/22395_10206822780878776_480646404818947076_n-768x768.jpg 768w, https:\/\/komitascenter.be\/wp-content\/uploads\/2021\/05\/22395_10206822780878776_480646404818947076_n.jpg 848w\" sizes=\"auto, (max-width: 262px) 100vw, 262px\" \/><\/td>\n<\/tr>\n<\/tbody>\n<\/table>\n<table border=\"0\" cellspacing=\"0\" cellpadding=\"0\">\n<tbody>\n<tr>\n<td style=\"text-align: center;\"><strong>Vardan Hovanissian, <b>professeur<\/b> de\u00a0 doudouk, chvi, instruments \u00e0 vent<\/strong><\/td>\n<\/tr>\n<\/tbody>\n<\/table>\n<p>\u200b<\/p>\n<table border=\"0\" cellspacing=\"0\" cellpadding=\"0\">\n<tbody>\n<tr>\n<td align=\"center\"><img loading=\"lazy\" decoding=\"async\" class=\"alignnone wp-image-237\" src=\"http:\/\/komitascenter.be\/wp-content\/uploads\/2018\/06\/DSC_0950-1.jpg\" alt=\"\" width=\"256\" height=\"309\" srcset=\"https:\/\/komitascenter.be\/wp-content\/uploads\/2018\/06\/DSC_0950-1.jpg 2848w, https:\/\/komitascenter.be\/wp-content\/uploads\/2018\/06\/DSC_0950-1-248x300.jpg 248w, https:\/\/komitascenter.be\/wp-content\/uploads\/2018\/06\/DSC_0950-1-768x929.jpg 768w, https:\/\/komitascenter.be\/wp-content\/uploads\/2018\/06\/DSC_0950-1-847x1024.jpg 847w\" sizes=\"auto, (max-width: 256px) 100vw, 256px\" \/><\/td>\n<\/tr>\n<\/tbody>\n<\/table>\n<table border=\"0\" cellspacing=\"0\" cellpadding=\"0\">\n<tbody>\n<tr>\n<td style=\"text-align: center;\"><strong>Suzanna Baregamjan , <b>professeur<\/b> de piano, solf\u00e8ge\u00a0 et chant<\/strong><\/td>\n<\/tr>\n<\/tbody>\n<\/table>\n<p>\u200b<\/p>\n<table border=\"0\" cellspacing=\"0\" cellpadding=\"0\">\n<tbody>\n<tr>\n<td align=\"center\">\u00a0<img loading=\"lazy\" decoding=\"async\" class=\"alignnone wp-image-238\" src=\"http:\/\/komitascenter.be\/wp-content\/uploads\/2018\/06\/DSC_0357.jpg\" alt=\"\" width=\"254\" height=\"433\" srcset=\"https:\/\/komitascenter.be\/wp-content\/uploads\/2018\/06\/DSC_0357.jpg 2890w, https:\/\/komitascenter.be\/wp-content\/uploads\/2018\/06\/DSC_0357-176x300.jpg 176w, https:\/\/komitascenter.be\/wp-content\/uploads\/2018\/06\/DSC_0357-768x1309.jpg 768w, https:\/\/komitascenter.be\/wp-content\/uploads\/2018\/06\/DSC_0357-601x1024.jpg 601w\" sizes=\"auto, (max-width: 254px) 100vw, 254px\" \/><\/p>\n<p><strong>H.R. Unusyan , <b>professeur<\/b> de solf\u00e8ge, contrebasse, violon, guitare, des instruments \u00e0 cordes<\/strong><\/td>\n<\/tr>\n<\/tbody>\n<\/table>\n<table border=\"0\" cellspacing=\"0\" cellpadding=\"0\">\n<tbody>\n<tr>\n<td style=\"text-align: center;\"><img loading=\"lazy\" decoding=\"async\" class=\"alignnone size-medium wp-image-1550\" src=\"http:\/\/komitascenter.be\/wp-content\/uploads\/2023\/07\/298609117_473361214795385_8178021222282448239_n-240x300.jpg\" alt=\"\" width=\"240\" height=\"300\" \/><\/p>\n<p><strong>Constantin Patoulidis, professeur de guitare<\/strong><\/td>\n<\/tr>\n<\/tbody>\n<\/table>\n<\/div>\n","protected":false},"excerpt":{"rendered":"<p>Chez Komitas, nous misons beaucoup sur la qualit\u00e9 de nos enseignants. Tous nos professeurs sont des professionnels de la musique et des \u00e9ducateurs exp\u00e9riment\u00e9s. La plupart sont \u00e9galement multilingue et peuvent donner cours en fran\u00e7ais, n\u00e9erlandais, anglais, russe, arm\u00e9nien, \u2026 \u200b \u00a0Capucine Swysen, directrice professeur de piano, solf\u00e8ge et histoire de la musique \u00a0 Arman &hellip; <\/p>\n<p class=\"link-more\"><a href=\"https:\/\/komitascenter.be\/?page_id=93\" class=\"more-link\">Continuer la lecture<span class=\"screen-reader-text\"> de &laquo;&nbsp;Notre \u00e9quipe&nbsp;&raquo;<\/span><\/a><\/p>\n","protected":false},"author":2,"featured_media":0,"parent":0,"menu_order":0,"comment_status":"closed","ping_status":"closed","template":"","meta":{"footnotes":""},"class_list":["post-93","page","type-page","status-publish","hentry"],"_links":{"self":[{"href":"https:\/\/komitascenter.be\/index.php?rest_route=\/wp\/v2\/pages\/93","targetHints":{"allow":["GET"]}}],"collection":[{"href":"https:\/\/komitascenter.be\/index.php?rest_route=\/wp\/v2\/pages"}],"about":[{"href":"https:\/\/komitascenter.be\/index.php?rest_route=\/wp\/v2\/types\/page"}],"author":[{"embeddable":true,"href":"https:\/\/komitascenter.be\/index.php?rest_route=\/wp\/v2\/users\/2"}],"replies":[{"embeddable":true,"href":"https:\/\/komitascenter.be\/index.php?rest_route=%2Fwp%2Fv2%2Fcomments&post=93"}],"version-history":[{"count":40,"href":"https:\/\/komitascenter.be\/index.php?rest_route=\/wp\/v2\/pages\/93\/revisions"}],"predecessor-version":[{"id":1639,"href":"https:\/\/komitascenter.be\/index.php?rest_route=\/wp\/v2\/pages\/93\/revisions\/1639"}],"wp:attachment":[{"href":"https:\/\/komitascenter.be\/index.php?rest_route=%2Fwp%2Fv2%2Fmedia&parent=93"}],"curies":[{"name":"wp","href":"https:\/\/api.w.org\/{rel}","templated":true}]}}