{"id":86,"date":"2018-06-16T17:43:18","date_gmt":"2018-06-16T15:43:18","guid":{"rendered":"http:\/\/komitascenter.be\/?page_id=86"},"modified":"2026-04-10T19:17:55","modified_gmt":"2026-04-10T17:17:55","slug":"inscriptions-et-tarifs","status":"publish","type":"page","link":"https:\/\/komitascenter.be\/?page_id=86","title":{"rendered":"Inscriptions et Tarifs"},"content":{"rendered":"<blockquote data-wp-editing=\"1\">\n<h4 style=\"text-align: center;\"><strong><span style=\"color: #0000ff;\"><em><img loading=\"lazy\" decoding=\"async\" class=\"alignnone  wp-image-49\" src=\"http:\/\/komitascenter.be\/wp-content\/uploads\/2018\/06\/admin2-ajax-300x88.jpg\" alt=\"\" width=\"542\" height=\"159\" srcset=\"https:\/\/komitascenter.be\/wp-content\/uploads\/2018\/06\/admin2-ajax-300x88.jpg 300w, https:\/\/komitascenter.be\/wp-content\/uploads\/2018\/06\/admin2-ajax.jpg 400w\" sizes=\"auto, (max-width: 542px) 100vw, 542px\" \/><\/em><\/span><\/strong><\/h4>\n<h2 style=\"text-align: center;\"><span style=\"color: #591b3c;\"><strong><em>Inscriptions<\/em><em> 2026-2027<\/em><\/strong><\/span><\/h2>\n<h3 style=\"text-align: center;\"><span style=\"color: #591b3c;\"><strong style=\"font-size: 19px; letter-spacing: 0.13333em; text-transform: uppercase;\"><em>\u00a0pour les cours \u00e0 <\/em><\/strong><\/span><span style=\"color: #591b3c;\"><strong style=\"font-size: 19px; letter-spacing: 0.13333em; text-transform: uppercase;\"><em>L&rsquo;ECOLE, CHEZ VOUS et <\/em><\/strong><\/span><span style=\"color: #591b3c;\"><strong style=\"font-size: 19px; letter-spacing: 0.13333em; text-transform: uppercase;\"><em>\u00e0\u00a0<\/em><\/strong><\/span><span style=\"color: #591b3c;\"><strong style=\"font-size: 19px; letter-spacing: 0.13333em; text-transform: uppercase;\"><em>DISTANCE<\/em><\/strong><\/span><\/h3>\n<h4 style=\"text-align: center;\"><span style=\"color: #591b3c;\"><strong>Les Tarifs pour l\u2019ann\u00e9e scolaire 2026-2027<\/strong><\/span><\/h4>\n<h4 style=\"text-align: left;\"><span style=\"color: #591b3c;\"><em><strong>Tarifs des\u00a0<\/strong><strong>cours de musique individuels<\/strong><\/em><\/span><\/h4>\n<table style=\"height: 438px;\" width=\"581\">\n<tbody>\n<tr>\n<td width=\"151\">\n<p style=\"text-align: center;\"><span style=\"color: #ff0000;\"><strong>dur\u00e9e<\/strong><\/span><\/p>\n<\/td>\n<td width=\"151\">\n<p style=\"text-align: center;\"><span style=\"color: #ff0000;\"><strong>prix \/ prix pour l&rsquo;option 15 cours<\/strong><\/span><\/p>\n<\/td>\n<td width=\"151\">\n<p style=\"text-align: center;\"><span style=\"color: #ff0000;\"><strong>prix \/5 cours<\/strong><\/span><\/p>\n<\/td>\n<td width=\"151\">\n<p style=\"text-align: center;\"><span style=\"color: #ff0000;\"><strong>prix \/15 cours<\/strong><\/span><\/p>\n<\/td>\n<\/tr>\n<tr>\n<td style=\"text-align: center;\" width=\"151\">\u00a0<\/td>\n<td style=\"text-align: center;\" width=\"151\">\u00a0<\/td>\n<td style=\"text-align: center;\" width=\"151\">\u00a0<\/td>\n<td style=\"text-align: center;\" width=\"151\">\u00a0<\/td>\n<\/tr>\n<tr>\n<td width=\"151\">\n<p style=\"text-align: center;\"><strong>30 min.<\/strong><\/p>\n<\/td>\n<td width=\"151\">\n<p style=\"text-align: center;\"><strong>\u20ac25 \/ \u20ac20<\/strong><\/p>\n<\/td>\n<td width=\"151\">\n<p style=\"text-align: center;\"><strong>\u20ac125<\/strong><\/p>\n<\/td>\n<td width=\"151\">\n<p style=\"text-align: center;\"><strong>\u20ac300<\/strong><\/p>\n<\/td>\n<\/tr>\n<tr>\n<td style=\"text-align: center;\" width=\"151\"><strong>45 min<\/strong><\/td>\n<td style=\"text-align: center;\" width=\"151\"><strong>\u20ac35 \/ \u20ac30<\/strong><\/td>\n<td style=\"text-align: center;\" width=\"151\"><strong>\u20ac175<\/strong><\/td>\n<td style=\"text-align: center;\" width=\"151\"><strong>\u20ac450<\/strong><\/td>\n<\/tr>\n<tr>\n<td style=\"text-align: center;\" width=\"151\">\n<p style=\"text-align: center;\"><strong>60 min.<\/strong><\/p>\n<\/td>\n<td style=\"text-align: center;\" width=\"151\">\n<p style=\"text-align: center;\"><strong>\u20ac45 \/\u20ac40<\/strong><\/p>\n<\/td>\n<td style=\"text-align: center;\" width=\"151\">\n<p style=\"text-align: center;\"><strong>\u20ac225<\/strong><\/p>\n<\/td>\n<td width=\"151\">\n<p style=\"text-align: center;\"><strong>\u20ac600<\/strong><\/p>\n<\/td>\n<\/tr>\n<\/tbody>\n<\/table>\n<h4 style=\"text-align: left;\"><span style=\"color: #591b3c;\"><em><strong>Tarifs des\u00a0<\/strong><strong>cours de musique collectifs et semi-collectifs<\/strong><\/em><\/span><\/h4>\n<table>\n<tbody>\n<tr>\n<td width=\"151\">\n<p style=\"text-align: center;\"><span style=\"color: #ff0000;\"><strong>cours<\/strong><\/span><\/p>\n<\/td>\n<td width=\"151\">\n<p style=\"text-align: center;\"><span style=\"color: #ff0000;\"><strong>dur\u00e9e<\/strong><\/span><\/p>\n<\/td>\n<td width=\"151\">\n<p style=\"text-align: center;\"><span style=\"color: #ff0000;\"><strong>prix \/le cours<\/strong><\/span><\/p>\n<\/td>\n<td width=\"151\">\n<p style=\"text-align: center;\"><span style=\"color: #ff0000;\"><strong>prix \/15 cours<\/strong><\/span><\/p>\n<\/td>\n<\/tr>\n<tr>\n<td style=\"text-align: center;\" width=\"151\">\u00a0<\/td>\n<td width=\"151\">\u00a0<\/td>\n<td width=\"151\">\u00a0<\/td>\n<td width=\"151\">\u00a0<\/td>\n<\/tr>\n<tr>\n<td width=\"151\">\u00a0<\/td>\n<td width=\"151\">\u00a0<\/td>\n<td width=\"151\">\u00a0<\/td>\n<td width=\"151\">\u00a0<\/td>\n<\/tr>\n<tr>\n<td width=\"151\">\n<p style=\"text-align: center;\"><strong>Solf\u00e8ge et histoire de la musique<\/strong><\/p>\n<p style=\"text-align: center;\"><strong>\u00a0cours collectif<\/strong><\/p>\n<\/td>\n<td width=\"151\">\n<p style=\"text-align: center;\"><strong>45 min.<\/strong><\/p>\n<\/td>\n<td width=\"151\">\n<p style=\"text-align: center;\"><strong> \u20ac10\/par\u00a0\u00a0\u00e9l\u00e8ve<\/strong><\/p>\n<\/td>\n<td width=\"151\">\n<p style=\"text-align: center;\"><strong>\u20ac150\/par \u00e9l\u00e8ve<\/strong><\/p>\n<\/td>\n<\/tr>\n<tr>\n<td width=\"151\">\n<p style=\"text-align: center;\"><strong><em>Chorale d\u2019enfants Piccolo<\/em><\/strong><\/p>\n<\/td>\n<td width=\"151\">\n<p style=\"text-align: center;\"><strong>60 min.<\/strong><\/p>\n<\/td>\n<td width=\"151\">\n<p style=\"text-align: center;\"><strong>\u20ac10\/par\u00a0\u00a0\u00e9l\u00e8ve<\/strong><\/p>\n<\/td>\n<td width=\"151\">\n<p style=\"text-align: center;\"><strong>\u20ac150\/par\u00a0\u00a0\u00e9l\u00e8ve<\/strong><\/p>\n<\/td>\n<\/tr>\n<\/tbody>\n<\/table>\n<table>\n<tbody>\n<tr>\n<td width=\"151\">\n<p style=\"text-align: center;\"><strong><em>Chorale d\u2019adultes Louys<\/em><\/strong><\/p>\n<\/td>\n<td width=\"151\">\n<p style=\"text-align: center;\"><strong>75 min.<\/strong><\/p>\n<\/td>\n<td width=\"151\">\n<p style=\"text-align: center;\"><strong>\u20ac15\/par\u00a0\u00a0\u00e9l\u00e8ve<\/strong><\/p>\n<\/td>\n<td width=\"151\">\n<p style=\"text-align: center;\"><strong>\u20ac225\/par\u00a0\u00a0\u00e9l\u00e8ve<\/strong><\/p>\n<\/td>\n<\/tr>\n<\/tbody>\n<\/table>\n<\/blockquote>\n<table width=\"696\">\n<tbody>\n<tr>\n<td>Frais administratifs, de gestion et assurance de<strong>\u00a025 \u20ac<\/strong>, par \u00e9l\u00e8ve une fois par ann\u00e9e scolaire, quel que soit le nombre des cours.<\/td>\n<\/tr>\n<\/tbody>\n<\/table>\n<blockquote data-wp-editing=\"1\">\n<p style=\"text-align: left;\"><strong><em>Un cours d&rsquo;essai de 20 minutes vous est propos\u00e9 au tarif de 15 \u20ac.<\/em><\/strong><\/p>\n<p style=\"text-align: left;\"><em style=\"color: #ff0000; font-size: 1.25rem;\"><strong>Nous nous d\u00e9pla\u00e7ons chez vous moyennant un suppl\u00e9ment.<\/strong><\/em><\/p>\n<\/blockquote>\n<p style=\"text-align: center;\"><strong>1\u00e9re semestre (15 cours)\u00a0 \u00a0 \u00a0 \u00a0 \u00a0 \u00a0 \u00a0 \u00a0 14\/09\/2026-15\/01\/2027<\/strong><\/p>\n<p style=\"text-align: center;\"><strong>2eme semestre (15 cours)\u00a0 \u00a0 \u00a0 \u00a0 16\/01\/2027-06\/06\/2027<\/strong><\/p>\n<p>L\u2019ann\u00e9e scolaire est divis\u00e9e en deux semestres : le premier du 14\/09\/2026 au 15\/01\/2027, le second du 16\/01\/2027 au 06\/06\/2027. Tous les cours collectifs, individuels et semi collectifs se donnent au rythme d\u2019un cours par semaine, sauf autre requ\u00eate de votre part. Pour le payement des droits d\u2019inscription, vous pouvez opter pour le <strong>forfait de 15 cours par semestre<\/strong> (plus avantageux) ou pour le tarif horaire. Si vous choisissez cette derni\u00e8re formule, les inscriptions se font par tranches de 5 cours.\u00a0Une fois les frais d\u2019inscription acquitt\u00e9s, votre inscription sera d\u00e9finitivement valid\u00e9e.<\/p>\n<p>Pour les cours \u00e0<strong> DISTANCE<\/strong> vous pouvez vous inscrire \u00e0 tout moment.<\/p>\n<p>La p\u00e9riode d\u2019inscriptions s\u2019\u00e9tend du 22\/05\/2026 au 30 \/06\/2026\u00a0 et du 14\/08\/2026 au 09\/09\/2026 . Toutefois, vous pouvez \u00e9galement vous inscrire en cours d\u2019ann\u00e9e, \u00e0 tout moment, auquel cas le tarif sera adapt\u00e9 proportionnellement.<\/p>\n<p>les cours de\u00a0<span style=\"color: #591b3c;\"><a style=\"color: #591b3c;\" href=\"http:\/\/komitascenter.be\/?page_id=126\"><strong>solf\u00e8ge<\/strong><\/a><\/span>\u00a0ne sont pas obligatoires mais\u00a0<strong>tr\u00e8s vivement conseill\u00e9s<\/strong>\u00a0afin d\u2019optimiser l\u2019apprentissage. Ainsi, dans le cadre des cours individuels, le professeur pourra gagner du temps et dispenser un enseignement pleinement centr\u00e9 sur la ma\u00eetrise de l\u2019instrument.<\/p>\n<p>Les horaires des cours individuels sont fix\u00e9s de mani\u00e8re flexible en tenant compte des et des disponibilit\u00e9s de professeur et des pr\u00e9f\u00e9rences de l\u2019\u00e9l\u00e8ve apr\u00e8s concertation avec l\u2019administration<\/p>\n<p>L&rsquo;inscription est \u00e0 partir de<strong> 6 ans<\/strong>.<\/p>\n<p>Pour vous inscrire, veuillez nous envoyer un email avec :<\/p>\n<p>-Vos coordonn\u00e9es <span style=\"color: #591b3c;\">(nom<\/span> et pr\u00e9nom, nom et pr\u00e9nom des parents s\u2019il s\u2019agit d\u2019un mineur, date de naissance, adresse)<\/p>\n<p>-Les cours que vous souhaitez suivre (cours individuels et\/ou collectifs)<\/p>\n<p>-La dur\u00e9e des cours individuels\u00a0 ( 30min ou 60min).<\/p>\n<p>En sollicitant votre inscription, vous adh\u00e9rez aux conditions g\u00e9n\u00e9rales de l\u2019\u00e9cole que vous pouvez trouver\u00a0 dans\u00a0<span style=\"color: #591b3c;\"><a style=\"color: #591b3c;\" href=\"http:\/\/komitascenter.be\/wp-content\/uploads\/2018\/06\/Conditions-2018.pdf\">Conditions-2026-2027.<\/a><\/span><\/p>\n<p>Pour toute question, n\u2019h\u00e9sitez pas \u00e0 nous contacter sur<\/p>\n<ul>\n<li title=\"\" data-original-title=\"\">komitascenter@gmail.com<i class=\"fa fa-phone\"><\/i><\/li>\n<li title=\"\" data-original-title=\"\">04\/84-910-656\n<ul>\n<li title=\"\" data-original-title=\"\"><a href=\"https:\/\/www.facebook.com\/komitascenter\/\">Facebook<\/a><\/li>\n<\/ul>\n<\/li>\n<\/ul>\n<p><strong style=\"font-size: 0.9375rem; font-family: inherit;\">CALENDRIER SCOLAIRE <\/strong><span style=\"font-size: medium;\"><strong>2025-2026<\/strong><\/span><\/p>\n<ul>\n<li><b>Rentr\u00e9e scolaire<\/b>\u00a0:\u00a0lundi 25 ao\u00fbt 2025<\/li>\n<li><b>F\u00eate de la Communaut\u00e9 fran\u00e7aise<\/b>\u00a0: le samedi 27 septembre 2025<\/li>\n<li><b>Vacances d&rsquo;automne (de Toussaint)\u00a0<\/b>: du lundi 20 octobre 2025 au vendredi 31 octobre 2025<\/li>\n<li><b>Comm\u00e9moration du 11 novembre<\/b>\u00a0: le mardi 11 novembre 2025<\/li>\n<li><b>Vacances d&rsquo;hiver (de No\u00ebl)<\/b>\u00a0: du lundi 22 d\u00e9cembre 2025 au vendredi 2 janvier 2026<\/li>\n<li><b>Vacances de d\u00e9tente (de Carnaval)\u00a0<\/b>: du lundi 16 f\u00e9vrier 2026 au vendredi 27 f\u00e9vrier 2026<\/li>\n<li><b>Lundi de P\u00e2ques :<\/b>\u00a0le lundi 6 avril 2026<\/li>\n<li><b>Vacances de printemps (de P\u00e2ques)<\/b>\u00a0: du lundi 27 avril 2026 au vendredi 8 mai 2026<\/li>\n<li><b>Jeudi de l&rsquo;Ascension<\/b>\u00a0<b>:\u00a0<\/b>le jeudi 14 mai 2026<\/li>\n<li><b>Lundi de Pentec\u00f4te :<\/b>\u00a0le lundi 25 mai 2026.<\/li>\n<li><b>D\u00e9but des vacances d\u2019\u00e9t\u00e9<\/b>\u00a0: lundi 6 juillet 2026<\/li>\n<\/ul>\n<p><strong style=\"font-size: 0.9375rem; font-family: inherit;\">CALENDRIER SCOLAIRE <\/strong><span style=\"font-size: medium;\"><strong>2026-2027<\/strong><\/span><\/p>\n<table class=\"tbl_lll tbl_border\" width=\"710\">\n<tbody>\n<tr>\n<td width=\"250\"><strong>Rentr\u00e9e scolaire<\/strong><\/td>\n<td width=\"460\">lundi 24 ao\u00fbt 2026<\/td>\n<\/tr>\n<tr>\n<td><strong>F\u00eate de la Communaut\u00e9 fran\u00e7aise<\/strong><\/td>\n<td>dimanche 27 septembre 2026<\/td>\n<\/tr>\n<tr>\n<td><strong>Vacances d&rsquo;automne (Toussaint)<\/strong><\/td>\n<td>du lundi 19 octobre 2026 au dimanche 1er novembre 2026<\/td>\n<\/tr>\n<tr>\n<td><strong>F\u00eate des morts<\/strong><\/td>\n<td>lundi 2 novembre 2026<\/td>\n<\/tr>\n<tr>\n<td><strong>Jour de l&rsquo;Armistice<\/strong><\/td>\n<td>mercredi 11 novembre 2026<\/td>\n<\/tr>\n<tr>\n<td><strong>Vacances d&rsquo;hiver (No\u00ebl)<\/strong><\/td>\n<td>du lundi 21 d\u00e9cembre 2026 au dimanche 3 janvier 2027<\/td>\n<\/tr>\n<tr>\n<td><strong>Mardi gras<\/strong><\/td>\n<td>mardi 9 f\u00e9vrier 2027<\/td>\n<\/tr>\n<tr>\n<td><strong>Vacances de d\u00e9tente (Carnaval)<\/strong><\/td>\n<td>du lundi 22 f\u00e9vrier 2027 au dimanche 7 mars 2027<\/td>\n<\/tr>\n<tr>\n<td><strong>Lundi de P\u00e2ques<\/strong><\/td>\n<td>lundi 29 mars 2027<\/td>\n<\/tr>\n<tr>\n<td><strong>Vacances de printemps (P\u00e2ques)<\/strong><\/td>\n<td>du lundi 26 avril 2027 au dimanche 9 mai 2027\n<p><em><strong>NOTE :\u00a0<\/strong>le cong\u00e9 de printemps est donc d\u00e9cal\u00e9 par rapport \u00e0 la f\u00eate de P\u00e2ques<\/em><\/p>\n<\/td>\n<\/tr>\n<tr>\n<td><strong>Jeudi de l&rsquo;Ascension<\/strong><\/td>\n<td>jeudi 6 mai 2027<\/td>\n<\/tr>\n<tr>\n<td><strong>Lundi de Pentec\u00f4te<\/strong><\/td>\n<td>lundi 17 mai 2027<\/td>\n<\/tr>\n<tr>\n<td><strong>Les vacances d&rsquo;\u00e9t\u00e9 d\u00e9butent le<\/strong><\/td>\n<td>samedi 3 juillet 2027<\/td>\n<\/tr>\n<\/tbody>\n<\/table>\n<p>&nbsp;<\/p>\n<div class=\"cadre\">\u00a0<\/div>\n\n\n<p><\/p>\n","protected":false},"excerpt":{"rendered":"<p>Inscriptions 2026-2027 \u00a0pour les cours \u00e0 L&rsquo;ECOLE, CHEZ VOUS et \u00e0\u00a0DISTANCE Les Tarifs pour l\u2019ann\u00e9e scolaire 2026-2027 Tarifs des\u00a0cours de musique individuels dur\u00e9e prix \/ prix pour l&rsquo;option 15 cours prix \/5 cours prix \/15 cours \u00a0 \u00a0 \u00a0 \u00a0 30 min. \u20ac25 \/ \u20ac20 \u20ac125 \u20ac300 45 min \u20ac35 \/ \u20ac30 \u20ac175 \u20ac450 60 &hellip; <\/p>\n<p class=\"link-more\"><a href=\"https:\/\/komitascenter.be\/?page_id=86\" class=\"more-link\">Continuer la lecture<span class=\"screen-reader-text\"> de &laquo;&nbsp;Inscriptions et Tarifs&nbsp;&raquo;<\/span><\/a><\/p>\n","protected":false},"author":2,"featured_media":443,"parent":0,"menu_order":0,"comment_status":"closed","ping_status":"closed","template":"","meta":{"footnotes":""},"class_list":["post-86","page","type-page","status-publish","has-post-thumbnail","hentry"],"_links":{"self":[{"href":"https:\/\/komitascenter.be\/index.php?rest_route=\/wp\/v2\/pages\/86","targetHints":{"allow":["GET"]}}],"collection":[{"href":"https:\/\/komitascenter.be\/index.php?rest_route=\/wp\/v2\/pages"}],"about":[{"href":"https:\/\/komitascenter.be\/index.php?rest_route=\/wp\/v2\/types\/page"}],"author":[{"embeddable":true,"href":"https:\/\/komitascenter.be\/index.php?rest_route=\/wp\/v2\/users\/2"}],"replies":[{"embeddable":true,"href":"https:\/\/komitascenter.be\/index.php?rest_route=%2Fwp%2Fv2%2Fcomments&post=86"}],"version-history":[{"count":56,"href":"https:\/\/komitascenter.be\/index.php?rest_route=\/wp\/v2\/pages\/86\/revisions"}],"predecessor-version":[{"id":1773,"href":"https:\/\/komitascenter.be\/index.php?rest_route=\/wp\/v2\/pages\/86\/revisions\/1773"}],"wp:featuredmedia":[{"embeddable":true,"href":"https:\/\/komitascenter.be\/index.php?rest_route=\/wp\/v2\/media\/443"}],"wp:attachment":[{"href":"https:\/\/komitascenter.be\/index.php?rest_route=%2Fwp%2Fv2%2Fmedia&parent=86"}],"curies":[{"name":"wp","href":"https:\/\/api.w.org\/{rel}","templated":true}]}}