{"id":83,"date":"2018-06-16T17:18:05","date_gmt":"2018-06-16T15:18:05","guid":{"rendered":"http:\/\/komitascenter.be\/?page_id=83"},"modified":"2022-08-23T00:59:29","modified_gmt":"2022-08-22T22:59:29","slug":"ecole-de-musique-komitas","status":"publish","type":"page","link":"https:\/\/komitascenter.be\/?page_id=83","title":{"rendered":"\u00c9cole de musique \u00ab Komitas \u00bb"},"content":{"rendered":"<div class=\"enigma_blog_full\">\n<div class=\"enigma_blog_post_content\">\n<h3><strong>&nbsp;<span style=\"color: #541937;\">\u00c9cole de musique \u00ab&nbsp;Komitas&nbsp;\u00bb<\/span><\/strong><\/h3>\n<p>Nous croyons que la musique est avant tout un art qui se partage avec les autres. A l&rsquo;\u00e9cole Komitas tout un chacun, quelle que soit son \u00e2ge, pourra d\u00e9couvrir la richesse de la musique classique, pop, jazz et autres!.<\/p>\n<h4><span style=\"color: #541937;\"><strong>&nbsp;Notre mission<\/strong><\/span><\/h4>\n<p>L\u2019\u00e9cole de musique \u00ab&nbsp;Komitas&nbsp;\u00bb a \u00e9t\u00e9 fond\u00e9e dans le courant du mois d\u2019avril 2016 par un groupe de musiciens passionn\u00e9s venant de diff\u00e9rents horizons. Forts&nbsp;de nombreuses ann\u00e9es d\u2019exp\u00e9rience en tant que professionnels et enseignants, ils sont d\u00e9sireux de transmettre leur savoir &nbsp;musical \u00e0 tous ceux motiv\u00e9s pour apprendre \u00e0 ma\u00eetriser cet art.<\/p>\n<p><img loading=\"lazy\" decoding=\"async\" class=\"alignnone wp-image-422 \" src=\"http:\/\/komitascenter.be\/wp-content\/uploads\/2019\/10\/F66389E4-820C-423F-B387-5524C4C0C679-300x225.jpeg\" alt=\"\" width=\"416\" height=\"312\" srcset=\"https:\/\/komitascenter.be\/wp-content\/uploads\/2019\/10\/F66389E4-820C-423F-B387-5524C4C0C679-300x225.jpeg 300w, https:\/\/komitascenter.be\/wp-content\/uploads\/2019\/10\/F66389E4-820C-423F-B387-5524C4C0C679-768x576.jpeg 768w, https:\/\/komitascenter.be\/wp-content\/uploads\/2019\/10\/F66389E4-820C-423F-B387-5524C4C0C679.jpeg 1024w\" sizes=\"auto, (max-width: 416px) 100vw, 416px\" \/><\/p>\n<h5><\/h5>\n<h5><span style=\"color: #541937;\"><strong>Enseignement sur-mesure<\/strong>&nbsp;et&nbsp;<strong>partage&nbsp;<\/strong><\/span>sont les ma\u00eetres-mots de notre \u00e9tablissement.<\/h5>\n<p>En effet, notre m\u00e9thode consiste, en premier lieu, \u00e0&nbsp;adapter au mieux nos cours et notre programme par rapport \u00e0 l\u2019\u00e9l\u00e8ve et son rythme de progression afin de lui offrir un enseignement taill\u00e9 sur-mesure et le plus efficace possible en fonction de ses besoins, ses comp\u00e9tences et ses sp\u00e9cificit\u00e9s.<\/p>\n<p>En second lieu, nous consid\u00e9rons la musique avant tout comme un art destin\u00e9 \u00e0 \u00eatre partag\u00e9, aussi bien avec le public que les autres musiciens. Dans le premier cas, afin de communiquer son talent \u00e0 l\u2019auditeur. Dans le second cas, afin que les musiciens s\u2019inspirer mutuellement pour faire grandir leur art. De ce fait, jouer des morceaux en groupe, avec d\u2019autres \u00e9tudiants et des professeurs fait partie int\u00e9grante du processus d\u2019apprentissage.<\/p>\n<p><img loading=\"lazy\" decoding=\"async\" class=\"alignnone size-medium wp-image-496\" src=\"http:\/\/komitascenter.be\/wp-content\/uploads\/2020\/02\/E9B47B0A-CCA2-43BD-BFA0-44D9D839478E-300x225.jpeg\" alt=\"\" width=\"300\" height=\"225\" srcset=\"https:\/\/komitascenter.be\/wp-content\/uploads\/2020\/02\/E9B47B0A-CCA2-43BD-BFA0-44D9D839478E-300x225.jpeg 300w, https:\/\/komitascenter.be\/wp-content\/uploads\/2020\/02\/E9B47B0A-CCA2-43BD-BFA0-44D9D839478E-768x576.jpeg 768w, https:\/\/komitascenter.be\/wp-content\/uploads\/2020\/02\/E9B47B0A-CCA2-43BD-BFA0-44D9D839478E.jpeg 1024w\" sizes=\"auto, (max-width: 300px) 100vw, 300px\" \/><img loading=\"lazy\" decoding=\"async\" class=\"alignnone size-medium wp-image-495\" src=\"http:\/\/komitascenter.be\/wp-content\/uploads\/2020\/02\/0FDA8381-C7DC-45E1-9B09-30C082184FE0-300x225.jpeg\" alt=\"\" width=\"300\" height=\"225\" srcset=\"https:\/\/komitascenter.be\/wp-content\/uploads\/2020\/02\/0FDA8381-C7DC-45E1-9B09-30C082184FE0-300x225.jpeg 300w, https:\/\/komitascenter.be\/wp-content\/uploads\/2020\/02\/0FDA8381-C7DC-45E1-9B09-30C082184FE0-768x576.jpeg 768w, https:\/\/komitascenter.be\/wp-content\/uploads\/2020\/02\/0FDA8381-C7DC-45E1-9B09-30C082184FE0.jpeg 1024w\" sizes=\"auto, (max-width: 300px) 100vw, 300px\" \/><img loading=\"lazy\" decoding=\"async\" class=\"alignnone size-medium wp-image-175\" src=\"http:\/\/komitascenter.be\/wp-content\/uploads\/2018\/06\/20180621_011557-300x261.jpg\" alt=\"\" width=\"300\" height=\"261\" srcset=\"https:\/\/komitascenter.be\/wp-content\/uploads\/2018\/06\/20180621_011557-300x261.jpg 300w, https:\/\/komitascenter.be\/wp-content\/uploads\/2018\/06\/20180621_011557.jpg 721w\" sizes=\"auto, (max-width: 300px) 100vw, 300px\" \/><img loading=\"lazy\" decoding=\"async\" class=\"alignnone size-medium wp-image-350\" src=\"http:\/\/komitascenter.be\/wp-content\/uploads\/2018\/12\/20181216_170303-300x225.jpg\" alt=\"\" width=\"300\" height=\"225\" srcset=\"https:\/\/komitascenter.be\/wp-content\/uploads\/2018\/12\/20181216_170303-300x225.jpg 300w, https:\/\/komitascenter.be\/wp-content\/uploads\/2018\/12\/20181216_170303-768x576.jpg 768w, https:\/\/komitascenter.be\/wp-content\/uploads\/2018\/12\/20181216_170303-1024x768.jpg 1024w\" sizes=\"auto, (max-width: 300px) 100vw, 300px\" \/><\/p>\n<p>pour l\u2019inscription et plus d\u2019informations:&nbsp; &nbsp;&nbsp;&nbsp; <span style=\"color: #541937;\">&nbsp;&nbsp;<a style=\"color: #541937;\" href=\"http:\/\/komitascenter.be\/?page_id=86\">Inscriptions et Tarifs<\/a><\/span><\/p>\n<\/div>\n<\/div>\n<div class=\"push-right\"><\/div>\n","protected":false},"excerpt":{"rendered":"<p>&nbsp;\u00c9cole de musique \u00ab&nbsp;Komitas&nbsp;\u00bb Nous croyons que la musique est avant tout un art qui se partage avec les autres. A l&rsquo;\u00e9cole Komitas tout un chacun, quelle que soit son \u00e2ge, pourra d\u00e9couvrir la richesse de la musique classique, pop, jazz et autres!. &nbsp;Notre mission L\u2019\u00e9cole de musique \u00ab&nbsp;Komitas&nbsp;\u00bb a \u00e9t\u00e9 fond\u00e9e dans le courant &hellip; <\/p>\n<p class=\"link-more\"><a href=\"https:\/\/komitascenter.be\/?page_id=83\" class=\"more-link\">Continuer la lecture<span class=\"screen-reader-text\"> de &laquo;&nbsp;\u00c9cole de musique \u00ab Komitas \u00bb&nbsp;&raquo;<\/span><\/a><\/p>\n","protected":false},"author":2,"featured_media":709,"parent":0,"menu_order":0,"comment_status":"closed","ping_status":"closed","template":"","meta":{"footnotes":""},"class_list":["post-83","page","type-page","status-publish","has-post-thumbnail","hentry"],"_links":{"self":[{"href":"https:\/\/komitascenter.be\/index.php?rest_route=\/wp\/v2\/pages\/83","targetHints":{"allow":["GET"]}}],"collection":[{"href":"https:\/\/komitascenter.be\/index.php?rest_route=\/wp\/v2\/pages"}],"about":[{"href":"https:\/\/komitascenter.be\/index.php?rest_route=\/wp\/v2\/types\/page"}],"author":[{"embeddable":true,"href":"https:\/\/komitascenter.be\/index.php?rest_route=\/wp\/v2\/users\/2"}],"replies":[{"embeddable":true,"href":"https:\/\/komitascenter.be\/index.php?rest_route=%2Fwp%2Fv2%2Fcomments&post=83"}],"version-history":[{"count":12,"href":"https:\/\/komitascenter.be\/index.php?rest_route=\/wp\/v2\/pages\/83\/revisions"}],"predecessor-version":[{"id":1467,"href":"https:\/\/komitascenter.be\/index.php?rest_route=\/wp\/v2\/pages\/83\/revisions\/1467"}],"wp:featuredmedia":[{"embeddable":true,"href":"https:\/\/komitascenter.be\/index.php?rest_route=\/wp\/v2\/media\/709"}],"wp:attachment":[{"href":"https:\/\/komitascenter.be\/index.php?rest_route=%2Fwp%2Fv2%2Fmedia&parent=83"}],"curies":[{"name":"wp","href":"https:\/\/api.w.org\/{rel}","templated":true}]}}