{"id":613,"date":"2020-06-17T21:44:59","date_gmt":"2020-06-17T19:44:59","guid":{"rendered":"http:\/\/komitascenter.be\/?page_id=613"},"modified":"2026-03-16T23:04:43","modified_gmt":"2026-03-16T22:04:43","slug":"stages-2020","status":"publish","type":"page","link":"https:\/\/komitascenter.be\/?page_id=613","title":{"rendered":"Stages"},"content":{"rendered":"\n<h2 class=\"wp-block-heading\"><strong><span style=\"color:#55420d\" class=\"has-inline-color\">Stages de chant, piano et guitare<\/span><\/strong><\/h2>\n\n\n\n<div class=\"wp-block-group\"><div class=\"wp-block-group__inner-container is-layout-flow wp-block-group-is-layout-flow\">\n<p><\/p>\n\n\n\n<h2 class=\"wp-block-heading\"><mark style=\"background-color:rgba(0, 0, 0, 0);color:#8b6706\" class=\"has-inline-color\"><strong>Je cr\u00e9e mon monde imaginaire<\/strong><\/mark><\/h2>\n<\/div><\/div>\n\n\n\n<figure class=\"wp-block-gallery has-nested-images columns-default is-cropped wp-block-gallery-1 is-layout-flex wp-block-gallery-is-layout-flex\">\n<figure class=\"wp-block-image size-medium is-style-default\"><img loading=\"lazy\" decoding=\"async\" width=\"300\" height=\"169\" data-id=\"1282\" src=\"http:\/\/komitascenter.be\/wp-content\/uploads\/2022\/02\/17156176_1730777553901619_3681910760198490134_n-300x169.jpg\" alt=\"\" class=\"wp-image-1282\" srcset=\"https:\/\/komitascenter.be\/wp-content\/uploads\/2022\/02\/17156176_1730777553901619_3681910760198490134_n-300x169.jpg 300w, https:\/\/komitascenter.be\/wp-content\/uploads\/2022\/02\/17156176_1730777553901619_3681910760198490134_n.jpg 702w\" sizes=\"auto, (max-width: 300px) 100vw, 300px\" \/><\/figure>\n<\/figure>\n\n\n\n<figure class=\"wp-block-pullquote\"><blockquote><p>Stage de musique et cr\u00e9ativit\u00e9. Ateliers artistiques, activit\u00e9s musicale,th\u00e9\u00e2trale, animations ludiques\u2026 Pour vos enfants, les vacances sont propices \u00e0 l\u2019\u00e9veil des sens, aux d\u00e9couvertes et aux nouvelles exp\u00e9riences. Qu\u2019ils d\u00e9sirent cr\u00e9er ou recr\u00e9er, penser ou se d\u00e9penser, une foule d\u2019id\u00e9es de loisirs s\u2019offre \u00e0 eux . Lieu d\u2019\u00e9veil, de d\u00e9couverte , de communication avec les autres \u00e0 travers l\u2019apprentissage de techniques aussi diverses que la peinture, le dessin et le chant. Les stages privil\u00e9gieront le travail de groupe et la cr\u00e9ation collective, tout en ne n\u00e9gligeant pas la cr\u00e9ation individuelle. Mais il faut s\u2019y prendre t\u00f4t si l\u2019on ne veut pas rater le coche. D\u2019une dur\u00e9e d\u2019une semaine (cinq jours ouvrables), nos stages d\u2019activit\u00e9s cr\u00e9atives pour enfants s\u2019articulent autour de 3 p\u00f4les vari\u00e9s : <br>1. CHANT<br>2. PIANO<br>3. GUITARE<br> D\u00e9roulement:<br> 8h45-9h00 : Accueil du matin <br>9h00-10h30 : Activit\u00e9s (chant \/ piano\/guitare) <br>10h30-10h45 : Collation <br>10h45-12h30 : Activit\u00e9s <br>12h30 \u2013 13h30 : Pause de midi, fin de demi-journ\u00e9e. <br>13h30 \u2013 16h00 : Activit\u00e9s ou les sorties \u00e0 Bruxelles.<br>Le stage s\u2019\u00e9tend du lundi au vendredi chaque jour de 9h \u00e0 16 h. Une garderie (suppl\u00e9mentaire) est pr\u00e9vue de 8:30h \u00e0 9h et de 16h \u00e0 17 h. <br>Pour qui? <br>Enfants de 7 \u00e0 12 ans <br>Quand? <br>03\/08\/26 &#8211; 07\/08\/26<br> <br> O\u00f9?<br> Adresse: Rue Fernande Volral 17 1090 Jette<br>Qui sont les animateurs ? <br>Les stages sont anim\u00e9s par nos professeurs et les animateurs exp\u00e9riment\u00e9s.<br> Responsable de stages: Capucine Swysen <br><em>Principale animatrice<\/em>: Aliz\u00e9e Gaudion<br>avec la pr\u00e9sence permanente de Suzanna Baregamjan<br> Les collations et les repas <br>Les collations et les repas sont apport\u00e9s par les enfants. Il est possible de r\u00e9chauffer les plats sur place. Des jus et de l\u2019eau sont fournis par l\u2019\u00e9cole de musique et sont \u00e0 disposition des enfants. <br>Combien? <br>Journ\u00e9e compl\u00e8te \u20ac 120\/semaine ou \u20ac 30\/journ\u00e9e. \u20ac200 deux membres d\u2019une m\u00eame famille + \u20ac100 par enfant suppl\u00e9mentaire. demi-journ\u00e9e \u20ac70 \/semaine ou 18\u20ac \/demi-journ\u00e9e <br>Comment?<br> Sur inscription par mail. Paiement AVANT Le 24\/07\/2026. <br>Veuillez indiquer: Nom, pr\u00e9nom de l\u2019enfant <br>\u00c2ge <br>Semaine(s) d\u00e9sir\u00e9e(s) <br>Renseignement m\u00e9dical particulier (prise de m\u00e9dicament, alimentation etc.) <br>Num\u00e9ro de la personne de contact <br>Les d\u00e9tails de paiement seront fournis dans le mail de confirmation de l\u2019inscription. <br>A bient\u00f4t! <br>komitascenter@gmail.com <br>GSM: 04\/84\/910-656<\/p><\/blockquote><\/figure>\n\n\n\n<figure class=\"wp-block-gallery has-nested-images columns-default is-cropped wp-block-gallery-2 is-layout-flex wp-block-gallery-is-layout-flex\">\n<figure class=\"wp-block-image size-large is-style-rounded\"><img loading=\"lazy\" decoding=\"async\" width=\"1024\" height=\"576\" data-id=\"282\" src=\"http:\/\/komitascenter.be\/wp-content\/uploads\/2018\/08\/20180815_150933-1024x576.jpg\" alt=\"\" class=\"wp-image-282\" srcset=\"https:\/\/komitascenter.be\/wp-content\/uploads\/2018\/08\/20180815_150933-1024x576.jpg 1024w, https:\/\/komitascenter.be\/wp-content\/uploads\/2018\/08\/20180815_150933-300x169.jpg 300w, https:\/\/komitascenter.be\/wp-content\/uploads\/2018\/08\/20180815_150933-768x432.jpg 768w\" sizes=\"auto, (max-width: 767px) 89vw, (max-width: 1000px) 54vw, (max-width: 1071px) 543px, 580px\" \/><\/figure>\n<\/figure>\n\n\n\n<figure class=\"wp-block-image size-large\"><img loading=\"lazy\" decoding=\"async\" width=\"1024\" height=\"576\" src=\"http:\/\/komitascenter.be\/wp-content\/uploads\/2021\/07\/20180815_151128-2-1024x576.jpg\" alt=\"\" class=\"wp-image-880\" srcset=\"https:\/\/komitascenter.be\/wp-content\/uploads\/2021\/07\/20180815_151128-2-1024x576.jpg 1024w, https:\/\/komitascenter.be\/wp-content\/uploads\/2021\/07\/20180815_151128-2-300x169.jpg 300w, https:\/\/komitascenter.be\/wp-content\/uploads\/2021\/07\/20180815_151128-2-768x432.jpg 768w, https:\/\/komitascenter.be\/wp-content\/uploads\/2021\/07\/20180815_151128-2-1536x864.jpg 1536w, https:\/\/komitascenter.be\/wp-content\/uploads\/2021\/07\/20180815_151128-2.jpg 1565w\" sizes=\"auto, (max-width: 767px) 89vw, (max-width: 1000px) 54vw, (max-width: 1071px) 543px, 580px\" \/><\/figure>\n","protected":false},"excerpt":{"rendered":"<p>Stages de chant, piano et guitare Je cr\u00e9e mon monde imaginaire Stage de musique et cr\u00e9ativit\u00e9. Ateliers artistiques, activit\u00e9s musicale,th\u00e9\u00e2trale, animations ludiques\u2026 Pour vos enfants, les vacances sont propices \u00e0 l\u2019\u00e9veil des sens, aux d\u00e9couvertes et aux nouvelles exp\u00e9riences. Qu\u2019ils d\u00e9sirent cr\u00e9er ou recr\u00e9er, penser ou se d\u00e9penser, une foule d\u2019id\u00e9es de loisirs s\u2019offre \u00e0 &hellip; <\/p>\n<p class=\"link-more\"><a href=\"https:\/\/komitascenter.be\/?page_id=613\" class=\"more-link\">Continuer la lecture<span class=\"screen-reader-text\"> de &laquo;&nbsp;Stages&nbsp;&raquo;<\/span><\/a><\/p>\n","protected":false},"author":2,"featured_media":32,"parent":0,"menu_order":0,"comment_status":"closed","ping_status":"closed","template":"","meta":{"footnotes":""},"class_list":["post-613","page","type-page","status-publish","has-post-thumbnail","hentry"],"_links":{"self":[{"href":"https:\/\/komitascenter.be\/index.php?rest_route=\/wp\/v2\/pages\/613","targetHints":{"allow":["GET"]}}],"collection":[{"href":"https:\/\/komitascenter.be\/index.php?rest_route=\/wp\/v2\/pages"}],"about":[{"href":"https:\/\/komitascenter.be\/index.php?rest_route=\/wp\/v2\/types\/page"}],"author":[{"embeddable":true,"href":"https:\/\/komitascenter.be\/index.php?rest_route=\/wp\/v2\/users\/2"}],"replies":[{"embeddable":true,"href":"https:\/\/komitascenter.be\/index.php?rest_route=%2Fwp%2Fv2%2Fcomments&post=613"}],"version-history":[{"count":32,"href":"https:\/\/komitascenter.be\/index.php?rest_route=\/wp\/v2\/pages\/613\/revisions"}],"predecessor-version":[{"id":1752,"href":"https:\/\/komitascenter.be\/index.php?rest_route=\/wp\/v2\/pages\/613\/revisions\/1752"}],"wp:featuredmedia":[{"embeddable":true,"href":"https:\/\/komitascenter.be\/index.php?rest_route=\/wp\/v2\/media\/32"}],"wp:attachment":[{"href":"https:\/\/komitascenter.be\/index.php?rest_route=%2Fwp%2Fv2%2Fmedia&parent=613"}],"curies":[{"name":"wp","href":"https:\/\/api.w.org\/{rel}","templated":true}]}}