{"id":1328,"date":"2022-05-09T22:24:34","date_gmt":"2022-05-09T20:24:34","guid":{"rendered":"http:\/\/komitascenter.be\/?page_id=1328"},"modified":"2022-09-04T23:42:42","modified_gmt":"2022-09-04T21:42:42","slug":"contact-2","status":"publish","type":"page","link":"https:\/\/komitascenter.be\/?page_id=1328","title":{"rendered":"Contact"},"content":{"rendered":"\n<figure class=\"wp-block-pullquote is-style-default\"><blockquote><p><strong>Contactez-nous !<\/strong><\/p><p>Nos adresses:<\/p><p>\u00e0 Jette: rue Fernande Volral 17, 1090 Bruxelles<\/p><p>\u00e0 Ganshoren: Parvis Sainte-C\u00e9cile 1, 1083 Bruxelles<\/p><p>Courriel:<\/p><p>komitascenter@gmail.com  <\/p><p>T\u00e9l\u00e9phone:<\/p><p>+32484910656<\/p><p>Suivez-nous sur Facebook:<\/p><p><a href=\"https:\/\/www.facebook.com\/komitascenter\">facebook.com\/komitascenter<\/a><\/p><p><\/p><\/blockquote><\/figure>\n\n\n\n<figure class=\"wp-block-image size-full is-style-rounded\"><a href=\"https:\/\/www.facebook.com\/komitascenter\"><img loading=\"lazy\" decoding=\"async\" width=\"622\" height=\"311\" src=\"http:\/\/komitascenter.be\/wp-content\/uploads\/2021\/12\/Le-respect-de-la-vie-privee-coute-de-plus-en-plus-cher-a-Facebook.png\" alt=\"\" class=\"wp-image-1203\" srcset=\"https:\/\/komitascenter.be\/wp-content\/uploads\/2021\/12\/Le-respect-de-la-vie-privee-coute-de-plus-en-plus-cher-a-Facebook.png 622w, https:\/\/komitascenter.be\/wp-content\/uploads\/2021\/12\/Le-respect-de-la-vie-privee-coute-de-plus-en-plus-cher-a-Facebook-300x150.png 300w\" sizes=\"auto, (max-width: 622px) 100vw, 622px\" \/><\/a><\/figure>\n","protected":false},"excerpt":{"rendered":"<p>Contactez-nous ! Nos adresses: \u00e0 Jette: rue Fernande Volral 17, 1090 Bruxelles \u00e0 Ganshoren: Parvis Sainte-C\u00e9cile 1, 1083 Bruxelles Courriel: komitascenter@gmail.com T\u00e9l\u00e9phone: +32484910656 Suivez-nous sur Facebook: facebook.com\/komitascenter<\/p>\n","protected":false},"author":2,"featured_media":1495,"parent":0,"menu_order":0,"comment_status":"closed","ping_status":"closed","template":"","meta":{"footnotes":""},"class_list":["post-1328","page","type-page","status-publish","has-post-thumbnail","hentry"],"_links":{"self":[{"href":"https:\/\/komitascenter.be\/index.php?rest_route=\/wp\/v2\/pages\/1328","targetHints":{"allow":["GET"]}}],"collection":[{"href":"https:\/\/komitascenter.be\/index.php?rest_route=\/wp\/v2\/pages"}],"about":[{"href":"https:\/\/komitascenter.be\/index.php?rest_route=\/wp\/v2\/types\/page"}],"author":[{"embeddable":true,"href":"https:\/\/komitascenter.be\/index.php?rest_route=\/wp\/v2\/users\/2"}],"replies":[{"embeddable":true,"href":"https:\/\/komitascenter.be\/index.php?rest_route=%2Fwp%2Fv2%2Fcomments&post=1328"}],"version-history":[{"count":3,"href":"https:\/\/komitascenter.be\/index.php?rest_route=\/wp\/v2\/pages\/1328\/revisions"}],"predecessor-version":[{"id":1492,"href":"https:\/\/komitascenter.be\/index.php?rest_route=\/wp\/v2\/pages\/1328\/revisions\/1492"}],"wp:featuredmedia":[{"embeddable":true,"href":"https:\/\/komitascenter.be\/index.php?rest_route=\/wp\/v2\/media\/1495"}],"wp:attachment":[{"href":"https:\/\/komitascenter.be\/index.php?rest_route=%2Fwp%2Fv2%2Fmedia&parent=1328"}],"curies":[{"name":"wp","href":"https:\/\/api.w.org\/{rel}","templated":true}]}}