{"id":126,"date":"2018-06-16T21:48:59","date_gmt":"2018-06-16T19:48:59","guid":{"rendered":"http:\/\/komitascenter.be\/?page_id=126"},"modified":"2023-08-26T23:21:38","modified_gmt":"2023-08-26T21:21:38","slug":"solfege-et-histoire-de-la-musique","status":"publish","type":"page","link":"https:\/\/komitascenter.be\/?page_id=126","title":{"rendered":"Solf\u00e8ge et histoire de la musique"},"content":{"rendered":"\n<p><strong>Quand et O\u00f9<\/strong><\/p>\n\n\n\n<p>Les mardis \u00e0 18h00 \u00e0 Ganshoren<\/p>\n\n\n\n<p><\/p>\n\n\n<div class=\"enigma_header_breadcrum_title\">\n<div class=\"container\">\n<div class=\"row\">\n<h2><img loading=\"lazy\" decoding=\"async\" class=\"alignnone size-medium wp-image-714\" src=\"http:\/\/komitascenter.be\/wp-content\/uploads\/2021\/03\/156193230_2749454535367244_5717963321893235610_o-300x225.jpg\" alt=\"\" width=\"300\" height=\"225\" srcset=\"https:\/\/komitascenter.be\/wp-content\/uploads\/2021\/03\/156193230_2749454535367244_5717963321893235610_o-300x225.jpg 300w, https:\/\/komitascenter.be\/wp-content\/uploads\/2021\/03\/156193230_2749454535367244_5717963321893235610_o-1024x768.jpg 1024w, https:\/\/komitascenter.be\/wp-content\/uploads\/2021\/03\/156193230_2749454535367244_5717963321893235610_o-768x576.jpg 768w, https:\/\/komitascenter.be\/wp-content\/uploads\/2021\/03\/156193230_2749454535367244_5717963321893235610_o.jpg 1440w\" sizes=\"auto, (max-width: 300px) 100vw, 300px\" \/><img loading=\"lazy\" decoding=\"async\" class=\"alignnone  wp-image-163\" src=\"http:\/\/komitascenter.be\/wp-content\/uploads\/2018\/06\/20180621_013216-300x204.jpg\" alt=\"\" width=\"335\" height=\"228\" srcset=\"https:\/\/komitascenter.be\/wp-content\/uploads\/2018\/06\/20180621_013216-300x204.jpg 300w, https:\/\/komitascenter.be\/wp-content\/uploads\/2018\/06\/20180621_013216-768x522.jpg 768w, https:\/\/komitascenter.be\/wp-content\/uploads\/2018\/06\/20180621_013216-1024x697.jpg 1024w\" sizes=\"auto, (max-width: 335px) 100vw, 335px\" \/><\/h2>\n<h2 class=\"col-md-12\">\u00a0<\/h2>\n<\/div>\n<\/div>\n<\/div>\n<div class=\"container\">\n<div class=\"row enigma_blog_wrapper\">\n<div class=\"col-md-8\">\n<div class=\"enigma_blog_full\">\n<div class=\"enigma_blog_post_content\">\n<h3><span style=\"color: #631818;\"><strong>Structure du cours<\/strong><\/span><\/h3>\n<p>Quatre cours de \u00ab\u00a0solf\u00e8ge et histoire de la musique\u00a0\u00bb sont organis\u00e9s au sein de notre \u00e9tablissement :<\/p>\n<ul>\n<li title=\"\" data-original-title=\"\">pour enfants \u00e0 partir de\u00a0 7 ans et pour les adultes, en fran\u00e7ais<\/li>\n<\/ul>\n<p>Le programme complet pour ce cours dure 5 ans au total. Les cours sont donn\u00e9s au rythme de 1 heure hebdomadaire pour les adultes et\u00a0 45 minutes pour les enfants.<\/p>\n<p>Les cours de solf\u00e8ge ne sont pas obligatoire lorsque vous choisissez un instrument. N\u00e9anmoins, ils sont tr\u00e8s vivement conseill\u00e9s. En effet, l\u2019enseignement du solf\u00e8ge est indispensable pour une bonne ma\u00eetrise de la musique et l\u2019apprendre dans le cadre d\u2019un cours s\u00e9par\u00e9 permet de gagner un temps consid\u00e9rable dans le processus d\u2019apprentissage.<\/p>\n<h3><span style=\"color: #631818;\"><strong>Contenu du cours<\/strong><\/span><\/h3>\n<p>Le cours de solf\u00e8ge vise \u00e0 permettre aux \u00e9l\u00e8ves d\u2019acqu\u00e9rir de bonnes bases en th\u00e9orie de la musique. Le travail d\u2019enseignement est notamment orient\u00e9 sur le d\u00e9chiffrage de partitions de musique, l\u2019\u00e9criture de partitions et des exercices d\u2019audition.<\/p>\n<p>Par ailleurs, afin de comprendre la musique telle que pratiqu\u00e9e aujourd\u2019hui, il est indispensable d\u2019en conna\u00eetre les origines et l\u2019\u00e9volution. C\u2019est pourquoi le cours de solf\u00e8ge int\u00e8gre \u00e9galement celui d\u2019histoire de la musique. Le but de cet enseignement est de familiariser l\u2019\u00e9l\u00e8ve avec les principaux courants musicaux et les principaux compositeurs et musiciens afin que ce dernier \u00a0puisse avoir une visions plus de la discipline.<\/p>\n<\/div>\n<p>pour l\u2019inscription et plus d\u2019informations:\u00a0 \u00a0\u00a0\u00a0 \u00a0<span style=\"color: #0000ff;\">\u00a0<a style=\"color: #0000ff;\" href=\"http:\/\/komitascenter.be\/?page_id=86\">Inscriptions et Tarifs<\/a><\/span><\/p>\n<\/div>\n<\/div>\n<\/div>\n<\/div>\n\n\n<blockquote class=\"wp-block-quote is-style-large is-layout-flow wp-block-quote-is-layout-flow\">\n<p><\/p>\n<\/blockquote>\n","protected":false},"excerpt":{"rendered":"<p>Quand et O\u00f9 Les mardis \u00e0 18h00 \u00e0 Ganshoren \u00a0 Structure du cours Quatre cours de \u00ab\u00a0solf\u00e8ge et histoire de la musique\u00a0\u00bb sont organis\u00e9s au sein de notre \u00e9tablissement : pour enfants \u00e0 partir de\u00a0 7 ans et pour les adultes, en fran\u00e7ais Le programme complet pour ce cours dure 5 ans au total. Les &hellip; <\/p>\n<p class=\"link-more\"><a href=\"https:\/\/komitascenter.be\/?page_id=126\" class=\"more-link\">Continuer la lecture<span class=\"screen-reader-text\"> de &laquo;&nbsp;Solf\u00e8ge et histoire de la musique&nbsp;&raquo;<\/span><\/a><\/p>\n","protected":false},"author":2,"featured_media":0,"parent":0,"menu_order":0,"comment_status":"closed","ping_status":"closed","template":"","meta":{"footnotes":""},"class_list":["post-126","page","type-page","status-publish","hentry"],"_links":{"self":[{"href":"https:\/\/komitascenter.be\/index.php?rest_route=\/wp\/v2\/pages\/126","targetHints":{"allow":["GET"]}}],"collection":[{"href":"https:\/\/komitascenter.be\/index.php?rest_route=\/wp\/v2\/pages"}],"about":[{"href":"https:\/\/komitascenter.be\/index.php?rest_route=\/wp\/v2\/types\/page"}],"author":[{"embeddable":true,"href":"https:\/\/komitascenter.be\/index.php?rest_route=\/wp\/v2\/users\/2"}],"replies":[{"embeddable":true,"href":"https:\/\/komitascenter.be\/index.php?rest_route=%2Fwp%2Fv2%2Fcomments&post=126"}],"version-history":[{"count":14,"href":"https:\/\/komitascenter.be\/index.php?rest_route=\/wp\/v2\/pages\/126\/revisions"}],"predecessor-version":[{"id":1561,"href":"https:\/\/komitascenter.be\/index.php?rest_route=\/wp\/v2\/pages\/126\/revisions\/1561"}],"wp:attachment":[{"href":"https:\/\/komitascenter.be\/index.php?rest_route=%2Fwp%2Fv2%2Fmedia&parent=126"}],"curies":[{"name":"wp","href":"https:\/\/api.w.org\/{rel}","templated":true}]}}