{"id":108,"date":"2018-06-16T18:08:49","date_gmt":"2018-06-16T16:08:49","guid":{"rendered":"http:\/\/komitascenter.be\/?page_id=108"},"modified":"2022-08-23T11:41:51","modified_gmt":"2022-08-23T09:41:51","slug":"chorale-denfants-piccolo","status":"publish","type":"page","link":"https:\/\/komitascenter.be\/?page_id=108","title":{"rendered":"\u00ab Piccolo \u00bb chorale d&rsquo;enfants"},"content":{"rendered":"<p><strong style=\"font-size: inherit;\"><em>P<\/em><\/strong><strong style=\"font-size: inherit;\"><em>\u00a0I C C O L O<\/em><\/strong><\/p>\n<p><strong>Chorale d\u2019enfants<\/strong><\/p>\n<p><img loading=\"lazy\" decoding=\"async\" class=\"alignnone size-medium wp-image-404\" src=\"http:\/\/komitascenter.be\/wp-content\/uploads\/2019\/06\/received_382851722337945-300x200.jpeg\" alt=\"\" width=\"300\" height=\"200\" srcset=\"https:\/\/komitascenter.be\/wp-content\/uploads\/2019\/06\/received_382851722337945-300x200.jpeg 300w, https:\/\/komitascenter.be\/wp-content\/uploads\/2019\/06\/received_382851722337945-768x512.jpeg 768w, https:\/\/komitascenter.be\/wp-content\/uploads\/2019\/06\/received_382851722337945-1024x683.jpeg 1024w\" sizes=\"auto, (max-width: 300px) 100vw, 300px\" \/><\/p>\n<p>\u00ab\u00a0<em>Le chant est le premier des instruments, celui qui permet \u00e0 l\u2019enfant d\u2019avoir le contact le plus physique avec la musique. Il commence par chanter en groupe, dans de petites chorales. Le chant apprend \u00e0 respirer, \u00e0 poser sa voix, \u00e0 l\u2019\u00e9couter et \u00e0 \u00e9couter celle des autres. L\u2019enfant d\u00e9veloppe ainsi des qualit\u00e9s de contr\u00f4le de soi, de m\u00e9moire, d\u2019interpr\u00e9tation, d\u2019improvisation.<\/em><\/p>\n<p><em>Autre avantage, l\u2019enfant se sent port\u00e9 par le groupe de la chorale. Les timides\u00a0sont ainsi prot\u00e9g\u00e9s de la critique individuelle et encourag\u00e9s. Ils go\u00fbtent le plaisir de la musique partag\u00e9e en commun, sans souci de prouesse technique. Les chanteurs d\u00e9couvrent aussi l\u2019importance du rythme et de la justesse pour la musique d\u2019ensemble.<\/em>\u00a0\u00bb \u00a0(http:\/\/www.magicmaman.com\/,le-chant,252,7494.asp)<\/p>\n<p><strong><em>Infos pratiques<\/em><\/strong><\/p>\n<p>Cours pour les enfants de 6<strong>-12 \u00a0ans<\/strong>.<\/p>\n<p><strong>Dur\u00e9e du cours :<\/strong>\u00a0une p\u00e9riode de\u00a0<strong>60min<\/strong>. \u00a0par semaine (cours collectif)<\/p>\n<p>Horaire :<strong>\u00a0<\/strong><\/p>\n<p>Prix : <strong>105 euros<\/strong>\u00a0par semestre<\/p>\n","protected":false},"excerpt":{"rendered":"<p>P\u00a0I C C O L O Chorale d\u2019enfants \u00ab\u00a0Le chant est le premier des instruments, celui qui permet \u00e0 l\u2019enfant d\u2019avoir le contact le plus physique avec la musique. Il commence par chanter en groupe, dans de petites chorales. Le chant apprend \u00e0 respirer, \u00e0 poser sa voix, \u00e0 l\u2019\u00e9couter et \u00e0 \u00e9couter celle des &hellip; <\/p>\n<p class=\"link-more\"><a href=\"https:\/\/komitascenter.be\/?page_id=108\" class=\"more-link\">Continuer la lecture<span class=\"screen-reader-text\"> de &laquo;&nbsp;\u00ab Piccolo \u00bb chorale d&rsquo;enfants&nbsp;&raquo;<\/span><\/a><\/p>\n","protected":false},"author":2,"featured_media":0,"parent":0,"menu_order":0,"comment_status":"closed","ping_status":"closed","template":"","meta":{"footnotes":""},"class_list":["post-108","page","type-page","status-publish","hentry"],"_links":{"self":[{"href":"https:\/\/komitascenter.be\/index.php?rest_route=\/wp\/v2\/pages\/108","targetHints":{"allow":["GET"]}}],"collection":[{"href":"https:\/\/komitascenter.be\/index.php?rest_route=\/wp\/v2\/pages"}],"about":[{"href":"https:\/\/komitascenter.be\/index.php?rest_route=\/wp\/v2\/types\/page"}],"author":[{"embeddable":true,"href":"https:\/\/komitascenter.be\/index.php?rest_route=\/wp\/v2\/users\/2"}],"replies":[{"embeddable":true,"href":"https:\/\/komitascenter.be\/index.php?rest_route=%2Fwp%2Fv2%2Fcomments&post=108"}],"version-history":[{"count":8,"href":"https:\/\/komitascenter.be\/index.php?rest_route=\/wp\/v2\/pages\/108\/revisions"}],"predecessor-version":[{"id":1471,"href":"https:\/\/komitascenter.be\/index.php?rest_route=\/wp\/v2\/pages\/108\/revisions\/1471"}],"wp:attachment":[{"href":"https:\/\/komitascenter.be\/index.php?rest_route=%2Fwp%2Fv2%2Fmedia&parent=108"}],"curies":[{"name":"wp","href":"https:\/\/api.w.org\/{rel}","templated":true}]}}