{"id":104,"date":"2018-06-16T18:05:18","date_gmt":"2018-06-16T16:05:18","guid":{"rendered":"http:\/\/komitascenter.be\/?page_id=104"},"modified":"2022-08-23T11:46:39","modified_gmt":"2022-08-23T09:46:39","slug":"petits-groupes-pour-vos-evenements","status":"publish","type":"page","link":"https:\/\/komitascenter.be\/?page_id=104","title":{"rendered":"Petits groupes pour vos \u00e9v\u00e8nements"},"content":{"rendered":"<div class=\"enigma_header_breadcrum_title\">\n<div class=\"container\">\n<div class=\"row\">\n<div class=\"col-md-12\">\n<p><span style=\"color: #004ccf;\"><strong>Petits groupes pour vos \u00e9v\u00e8nements<\/strong><\/span><\/p>\n<p><img loading=\"lazy\" decoding=\"async\" class=\"alignnone  wp-image-216\" src=\"http:\/\/komitascenter.be\/wp-content\/uploads\/2018\/06\/beer-garden-1312010_640-1.jpg\" alt=\"\" width=\"508\" height=\"357\" srcset=\"https:\/\/komitascenter.be\/wp-content\/uploads\/2018\/06\/beer-garden-1312010_640-1.jpg 634w, https:\/\/komitascenter.be\/wp-content\/uploads\/2018\/06\/beer-garden-1312010_640-1-300x211.jpg 300w\" sizes=\"auto, (max-width: 508px) 100vw, 508px\" \/><\/p>\n<\/div>\n<\/div>\n<\/div>\n<\/div>\n<div class=\"container\">\n<div class=\"row enigma_blog_wrapper\">\n<div class=\"col-md-8\">\n<div class=\"enigma_blog_full\">\n<div class=\"enigma_blog_post_content\">\n<p>Ce programme s\u2019adresse aux personnes qui, pour un \u00e9v\u00e8nement sp\u00e9cifique, voudraient apprendre \u00e0 chanter un morceau sp\u00e9cifique ou jouer un certain instrument. L\u2019id\u00e9e n\u2019est pas de vous faire suivre un cursus musical complet mais de vous permettre de maitriser une m\u00e9lodie pr\u00e9cise, en fonction de vos comp\u00e9tences, pour une occasion particuli\u00e8re, comme un mariage, un anniversaire, un bapt\u00eame ou autre. Toute personne motiv\u00e9e peut s\u2019y inscrire, quel que soit votre niveau. L\u2019apprentissage peut se faire seul ou en groupe.<\/p>\n<p>Le prix par s\u00e9ance de 60 minutes est de 30 euros pour une personne seule et 40 euros pour les groupes de 2 personnes et plus.<\/p>\n<p>N\u2019h\u00e9sitez pas \u00e0 nous contacter sur\u00a0<a href=\"https:\/\/web.archive.org\/web\/20171103052855\/mailto:komitascenter@gmail.com\">komitascenter@gmail.com<\/a>\u00a0ou par t\u00e9l\u00e9phone au\u00a0<a href=\"tel:024451882\">024451882<\/a>\u00a0!<\/p>\n<\/div>\n<\/div>\n<div class=\"push-right\"><\/div>\n<\/div>\n<\/div>\n<\/div>\n","protected":false},"excerpt":{"rendered":"<p>Petits groupes pour vos \u00e9v\u00e8nements Ce programme s\u2019adresse aux personnes qui, pour un \u00e9v\u00e8nement sp\u00e9cifique, voudraient apprendre \u00e0 chanter un morceau sp\u00e9cifique ou jouer un certain instrument. L\u2019id\u00e9e n\u2019est pas de vous faire suivre un cursus musical complet mais de vous permettre de maitriser une m\u00e9lodie pr\u00e9cise, en fonction de vos comp\u00e9tences, pour une occasion &hellip; <\/p>\n<p class=\"link-more\"><a href=\"https:\/\/komitascenter.be\/?page_id=104\" class=\"more-link\">Continuer la lecture<span class=\"screen-reader-text\"> de &laquo;&nbsp;Petits groupes pour vos \u00e9v\u00e8nements&nbsp;&raquo;<\/span><\/a><\/p>\n","protected":false},"author":2,"featured_media":0,"parent":0,"menu_order":0,"comment_status":"closed","ping_status":"closed","template":"","meta":{"footnotes":""},"class_list":["post-104","page","type-page","status-publish","hentry"],"_links":{"self":[{"href":"https:\/\/komitascenter.be\/index.php?rest_route=\/wp\/v2\/pages\/104","targetHints":{"allow":["GET"]}}],"collection":[{"href":"https:\/\/komitascenter.be\/index.php?rest_route=\/wp\/v2\/pages"}],"about":[{"href":"https:\/\/komitascenter.be\/index.php?rest_route=\/wp\/v2\/types\/page"}],"author":[{"embeddable":true,"href":"https:\/\/komitascenter.be\/index.php?rest_route=\/wp\/v2\/users\/2"}],"replies":[{"embeddable":true,"href":"https:\/\/komitascenter.be\/index.php?rest_route=%2Fwp%2Fv2%2Fcomments&post=104"}],"version-history":[{"count":4,"href":"https:\/\/komitascenter.be\/index.php?rest_route=\/wp\/v2\/pages\/104\/revisions"}],"predecessor-version":[{"id":1476,"href":"https:\/\/komitascenter.be\/index.php?rest_route=\/wp\/v2\/pages\/104\/revisions\/1476"}],"wp:attachment":[{"href":"https:\/\/komitascenter.be\/index.php?rest_route=%2Fwp%2Fv2%2Fmedia&parent=104"}],"curies":[{"name":"wp","href":"https:\/\/api.w.org\/{rel}","templated":true}]}}