{"id":102,"date":"2018-06-16T18:02:58","date_gmt":"2018-06-16T16:02:58","guid":{"rendered":"http:\/\/komitascenter.be\/?page_id=102"},"modified":"2022-08-18T18:12:41","modified_gmt":"2022-08-18T16:12:41","slug":"chorale-louys","status":"publish","type":"page","link":"https:\/\/komitascenter.be\/?page_id=102","title":{"rendered":"Chorale \u00ab\u00a0LOUYS\u00a0\u00bb"},"content":{"rendered":"<p><strong>Chorale \u00ab\u00a0LOUYS\u00a0\u00bb<\/strong><\/p>\n<p><img loading=\"lazy\" decoding=\"async\" class=\"alignnone wp-image-220\" src=\"http:\/\/komitascenter.be\/wp-content\/uploads\/2018\/06\/viber44image.jpg\" alt=\"\" width=\"488\" height=\"366\" srcset=\"https:\/\/komitascenter.be\/wp-content\/uploads\/2018\/06\/viber44image.jpg 1280w, https:\/\/komitascenter.be\/wp-content\/uploads\/2018\/06\/viber44image-300x225.jpg 300w, https:\/\/komitascenter.be\/wp-content\/uploads\/2018\/06\/viber44image-768x576.jpg 768w, https:\/\/komitascenter.be\/wp-content\/uploads\/2018\/06\/viber44image-1024x768.jpg 1024w\" sizes=\"auto, (max-width: 488px) 100vw, 488px\" \/><\/p>\n<p>Con\u00e7u pour les enfants \u00e0 partir de 12 ans, ainsi que pour les adultes<\/p>\n<p><strong>Programme<\/strong><\/p>\n<ul>\n<li title=\"\" data-original-title=\"\">Chants traditionnels arm\u00e9niens et Fran\u00e7ais<\/li>\n<li title=\"\" data-original-title=\"\">Compositions de Komitas<\/li>\n<li title=\"\" data-original-title=\"\">Chants modernes<\/li>\n<li title=\"\" data-original-title=\"\">Autres chansons<\/li>\n<\/ul>\n<p>Les cours sont organis\u00e9s une fois par semaine.<\/p>\n<p>Les mardis: 19h45 \u00e0 21h00<\/p>\n<p>adresse: Parvis Sainte-C\u00e9cile, 1083 Ganshoren<\/p>\n<p>Prix :\u00a0<strong>105\u00a0euros<\/strong> par semestre (15 cours) + 25 euros frais g\u00e9n\u00e9raux<\/p>\n","protected":false},"excerpt":{"rendered":"<p>Chorale \u00ab\u00a0LOUYS\u00a0\u00bb Con\u00e7u pour les enfants \u00e0 partir de 12 ans, ainsi que pour les adultes Programme Chants traditionnels arm\u00e9niens et Fran\u00e7ais Compositions de Komitas Chants modernes Autres chansons Les cours sont organis\u00e9s une fois par semaine. Les mardis: 19h45 \u00e0 21h00 adresse: Parvis Sainte-C\u00e9cile, 1083 Ganshoren Prix :\u00a0105\u00a0euros par semestre (15 cours) + 25 &hellip; <\/p>\n<p class=\"link-more\"><a href=\"https:\/\/komitascenter.be\/?page_id=102\" class=\"more-link\">Continuer la lecture<span class=\"screen-reader-text\"> de &laquo;&nbsp;Chorale \u00ab\u00a0LOUYS\u00a0\u00bb&nbsp;&raquo;<\/span><\/a><\/p>\n","protected":false},"author":2,"featured_media":0,"parent":0,"menu_order":0,"comment_status":"closed","ping_status":"closed","template":"","meta":{"footnotes":""},"class_list":["post-102","page","type-page","status-publish","hentry"],"_links":{"self":[{"href":"https:\/\/komitascenter.be\/index.php?rest_route=\/wp\/v2\/pages\/102","targetHints":{"allow":["GET"]}}],"collection":[{"href":"https:\/\/komitascenter.be\/index.php?rest_route=\/wp\/v2\/pages"}],"about":[{"href":"https:\/\/komitascenter.be\/index.php?rest_route=\/wp\/v2\/types\/page"}],"author":[{"embeddable":true,"href":"https:\/\/komitascenter.be\/index.php?rest_route=\/wp\/v2\/users\/2"}],"replies":[{"embeddable":true,"href":"https:\/\/komitascenter.be\/index.php?rest_route=%2Fwp%2Fv2%2Fcomments&post=102"}],"version-history":[{"count":4,"href":"https:\/\/komitascenter.be\/index.php?rest_route=\/wp\/v2\/pages\/102\/revisions"}],"predecessor-version":[{"id":1418,"href":"https:\/\/komitascenter.be\/index.php?rest_route=\/wp\/v2\/pages\/102\/revisions\/1418"}],"wp:attachment":[{"href":"https:\/\/komitascenter.be\/index.php?rest_route=%2Fwp%2Fv2%2Fmedia&parent=102"}],"curies":[{"name":"wp","href":"https:\/\/api.w.org\/{rel}","templated":true}]}}